
{"id":4098,"date":"2024-10-24T03:15:47","date_gmt":"2024-10-24T03:15:47","guid":{"rendered":"https:\/\/headspatammoctam.trueads.ai\/dich-vu\/"},"modified":"2025-09-19T02:45:30","modified_gmt":"2025-09-19T02:45:30","slug":"dich-vu","status":"publish","type":"page","link":"https:\/\/headspatammoctam.com\/vi\/dich-vu\/","title":{"rendered":"D\u1ecbch v\u1ee5"},"content":{"rendered":"\t<section class=\"section section_banner\" id=\"section_1141387497\">\n\t\t<div class=\"bg section-bg fill bg-fill  bg-loaded\" >\n\n\t\t\t\n\t\t\t\n\t\t\t\n\n\t\t<\/div>\n\n\t\t\n\n\t\t<div class=\"section-content relative\">\n\t\t\t\n\n\n  <div class=\"banner has-hover banner_ux\" id=\"banner-643412122\">\n          <div class=\"banner-inner fill\">\n        <div class=\"banner-bg fill\" >\n            <div class=\"bg fill bg-fill \"><\/div>\n                                    \n                    <\/div>\n\t\t\n        <div class=\"banner-layers container\">\n            <div class=\"fill banner-link\"><\/div>            \n\n   <div id=\"text-box-429164074\" class=\"text-box banner-layer x50 md-x50 lg-x50 y50 md-y50 lg-y50 res-text\">\n                                <div class=\"text-box-content text dark\">\n              \n              <div class=\"text-inner text-center\">\n                  \n\n\t\t<div class=\"banner_html\">\n\t\t\t\t\n\n<h1 class=\"current-page\">Trang ch\u1ee7<\/h1><div class=\"breadcrumb-full\"><div class=\"yoast-breadcrumbs\"><span><span><a href=\"https:\/\/headspatammoctam.com\/vi\/\">Trang ch\u1ee7<\/a><\/span><\/span><\/div><\/div>\n\t\t<\/div>\n\t\n\n              <\/div>\n           <\/div>\n                            \n<style>\n#text-box-429164074 {\n  width: 60%;\n}\n#text-box-429164074 .text-box-content {\n  font-size: 100%;\n}\n<\/style>\n    <\/div>\n \n\n        <\/div>\n      <\/div>\n\n            \n<style>\n#banner-643412122 {\n  padding-top: 500px;\n}\n#banner-643412122 .bg.bg-loaded {\n  background-image: url(https:\/\/headspatammoctam.com\/wp-content\/uploads\/2024\/10\/breadcrumb.jpg);\n}\n<\/style>\n  <\/div>\n\n\n\n\t\t<\/div>\n\n\t\t\n<style>\n#section_1141387497 {\n  padding-top: 0px;\n  padding-bottom: 0px;\n}\n<\/style>\n\t<\/section>\n\t \t<section class=\"section section_dichvu\" id=\"section_19629768\">\n\t\t<div class=\"bg section-bg fill bg-fill  bg-loaded\" >\n\n\t\t\t\n\t\t\t\n\t\t\t\n\n\t\t<\/div>\n\n\t\t\n\n\t\t<div class=\"section-content relative\">\n\t\t\t <div class=\"row row_dichvu\"  id=\"row-196781875\"> \n\t<div id=\"col-1110335665\" class=\"col medium-12 small-12 large-9\"  >\n\t\t\t\t<div class=\"col-inner\"  >\n\t\t\t\n\t\t\t \n  \n    <div class=\"row dichvu_blogpost large-columns-3 medium-columns-2 small-columns-1\" >\n  <div class=\"col post-item\" >\n\t\t\t<div class=\"col-inner\">\n\t\t\t\t<div class=\"box box-normal box-text-bottom box-blog-post has-hover\">\n            \t\t\t\t\t<div class=\"box-image\" >\n  \t\t\t\t\t\t<div class=\"image-zoom image-cover\" style=\"padding-top:56%;\">\n\t\t\t\t\t\t\t<a href=\"https:\/\/headspatammoctam.com\/vi\/dich-vu-thu-gian-vung-dau-ket-hop-massage-toan-than\/\" class=\"plain\" aria-label=\"D\u1ecaCH V\u1ee4 TH\u01af GI\u00c3N V\u00d9NG \u0110\u1ea6U K\u1ebeT H\u1ee2P MASSAGE TO\u00c0N TH\u00c2N\">\n\t\t\t\t\t\t\t\t<img decoding=\"async\" src=\"https:\/\/pub-b2eddeeb92ae444d848d347a6b3a9fc5.r2.dev\/headspatammoctam\/file\/1757314732_68be7eacaae05.jpg\" alt=\"D\u1ecaCH V\u1ee4 TH\u01af GI\u00c3N V\u00d9NG \u0110\u1ea6U K\u1ebeT H\u1ee2P MASSAGE TO\u00c0N TH\u00c2N\" class=\"wp-post-image\" \/>\t\t\t\t\t\t\t<\/a>\n  \t\t\t\t\t\t\t  \t\t\t\t\t\t\t  \t\t\t\t\t\t<\/div>\n  \t\t\t\t\t\t  \t\t\t\t\t<\/div>\n          \t\t\t\t\t<div class=\"box-text text-center\" >\n\t\t\t\t\t<div class=\"box-text-inner blog-post-inner\">\n\n\t\t\t\t\t\n\t\t\t\t\t\t\t\t\t\t<h5 class=\"post-title is-large \">\n\t\t\t\t\t\t<a href=\"https:\/\/headspatammoctam.com\/vi\/dich-vu-thu-gian-vung-dau-ket-hop-massage-toan-than\/\" class=\"plain\">D\u1ecaCH V\u1ee4 TH\u01af GI\u00c3N V\u00d9NG \u0110\u1ea6U K\u1ebeT H\u1ee2P MASSAGE TO\u00c0N TH\u00c2N<\/a>\n\t\t\t\t\t<\/h5>\n\t\t\t\t\t\t\n\n\t\t\t\t\t\t\t\t\t\t<div class=\"is-divider\"><\/div>\n\t\t\t\t\t\t\t\t\t\t<p class=\"from_the_blog_excerpt \">\n\t\t\t\t\t\tTrong gu\u1ed3ng quay h\u1ed1i h\u1ea3 c\u1ee7a cu\u1ed9c s\u1ed1ng hi\u1ec7n \u0111\u1ea1i, stress, \u00e1p l\u1ef1c c\u00f4ng vi\u1ec7c v\u00e0 c\u00e1c y\u1ebfu t\u1ed1 m\u00f4i tr\u01b0\u1eddng \u0111ang d\u1ea7n tr\u1edf th\u00e0nh \u201ck\u1ebb th\u00f9 th\u1ea7m l\u1eb7ng\u201d \u1ea3nh h\u01b0\u1edfng nghi\u00eam tr\u1ecdng \u0111\u1ebfn s\u1ee9c kh\u1ecfe tinh th\u1ea7n v\u00e0 th\u1ec3 ch\u1ea5t c\u1ee7a ch\u00fang ta. \u0110\u00f3 l\u00e0 l\u00fd do v\u00ec sao vi\u1ec7c ch\u0103m s\u00f3c b\u1ea3n th\u00e2n kh\u00f4ng ch\u1ec9 \u0111\u01a1n thu\u1ea7n l\u00e0 ngh\u1ec9 ng\u01a1i, m\u00e0 c\u00f2n c\u1ea7n \u0111\u1ebfn nh\u1eefng ph\u01b0\u01a1ng ph\u00e1p th\u01b0...\t\t\t\t\t<\/p>\n\t\t<div class=\"wrap_service_detail\">\n\t\t\t\t\r\n<div>Gi\u00e1:\r\n<div class=\"acf-field-content\">500 T\u1ec7<\/div><\/div>\r\n<div>Th\u1eddi gian:\r\n<div class=\"acf-field-content\">45 ph\u00fat<\/div><\/div>\r\n\t\t<\/div>\n\t\t\t\t\t\t\n\t\t\t\t\t                    \n\t\t\t\t\t\t\t\t\t\t\t<a href=\"https:\/\/headspatammoctam.com\/vi\/dich-vu-thu-gian-vung-dau-ket-hop-massage-toan-than\/\" class=\"button secondary is-bevel is-small mb-0\">\n\t\t\t\t\t\t\tXem ngay\t\t\t\t\t\t<\/a>\n\t\t\t\t\t\n\t\t\t\t\t\n\t\t\t\t\t<\/div>\n\t\t\t\t\t<\/div>\n\t\t\t\t\t\t\t\t\t<\/div>\n\t\t\t<\/div>\n\t\t<\/div><div class=\"col post-item\" >\n\t\t\t<div class=\"col-inner\">\n\t\t\t\t<div class=\"box box-normal box-text-bottom box-blog-post has-hover\">\n            \t\t\t\t\t<div class=\"box-image\" >\n  \t\t\t\t\t\t<div class=\"image-zoom image-cover\" style=\"padding-top:56%;\">\n\t\t\t\t\t\t\t<a href=\"https:\/\/headspatammoctam.com\/vi\/lieu-trinh-phuc-hoi-toan-than\/\" class=\"plain\" aria-label=\"LI\u1ec6U TR\u00ccNH PH\u1ee4C H\u1ed2I TO\u00c0N TH\u00c2N\">\n\t\t\t\t\t\t\t\t<img decoding=\"async\" src=\"https:\/\/pub-b2eddeeb92ae444d848d347a6b3a9fc5.r2.dev\/headspatammoctam\/file\/1756958586_68b90f7a89d62.jpg\" alt=\"LI\u1ec6U TR\u00ccNH PH\u1ee4C H\u1ed2I TO\u00c0N TH\u00c2N\" class=\"wp-post-image\" \/>\t\t\t\t\t\t\t<\/a>\n  \t\t\t\t\t\t\t  \t\t\t\t\t\t\t  \t\t\t\t\t\t<\/div>\n  \t\t\t\t\t\t  \t\t\t\t\t<\/div>\n          \t\t\t\t\t<div class=\"box-text text-center\" >\n\t\t\t\t\t<div class=\"box-text-inner blog-post-inner\">\n\n\t\t\t\t\t\n\t\t\t\t\t\t\t\t\t\t<h5 class=\"post-title is-large \">\n\t\t\t\t\t\t<a href=\"https:\/\/headspatammoctam.com\/vi\/lieu-trinh-phuc-hoi-toan-than\/\" class=\"plain\">LI\u1ec6U TR\u00ccNH PH\u1ee4C H\u1ed2I TO\u00c0N TH\u00c2N<\/a>\n\t\t\t\t\t<\/h5>\n\t\t\t\t\t\t\n\n\t\t\t\t\t\t\t\t\t\t<div class=\"is-divider\"><\/div>\n\t\t\t\t\t\t\t\t\t\t<p class=\"from_the_blog_excerpt \">\n\t\t\t\t\t\tTrong nh\u1ecbp s\u1ed1ng b\u1eadn r\u1ed9n h\u00f4m nay, m\u1ecfi vai, t\u00ea ch\u00e2n, m\u1ea5t ng\u1ee7 v\u00ec \u0111au l\u01b0ng, nh\u1ee9c kh\u1edbp\u2026 \u0111\u00e3 tr\u1edf th\u00e0nh \u201cng\u01b0\u1eddi b\u1ea1n \u0111\u1ed3ng h\u00e0nh\u201d kh\u00f4ng m\u1eddi m\u00e0 \u0111\u1ebfn\t\t\t\t\t<\/p>\n\t\t<div class=\"wrap_service_detail\">\n\t\t\t\t\r\n<div>Gi\u00e1:\r\n<div class=\"acf-field-content\">500 T\u1ec7<\/div><\/div>\r\n<div>Th\u1eddi gian:\r\n<div class=\"acf-field-content\">60 ph\u00fat<\/div><\/div>\r\n\t\t<\/div>\n\t\t\t\t\t\t\n\t\t\t\t\t                    \n\t\t\t\t\t\t\t\t\t\t\t<a href=\"https:\/\/headspatammoctam.com\/vi\/lieu-trinh-phuc-hoi-toan-than\/\" class=\"button secondary is-bevel is-small mb-0\">\n\t\t\t\t\t\t\tXem ngay\t\t\t\t\t\t<\/a>\n\t\t\t\t\t\n\t\t\t\t\t\n\t\t\t\t\t<\/div>\n\t\t\t\t\t<\/div>\n\t\t\t\t\t\t\t\t\t<\/div>\n\t\t\t<\/div>\n\t\t<\/div><div class=\"col post-item\" >\n\t\t\t<div class=\"col-inner\">\n\t\t\t\t<div class=\"box box-normal box-text-bottom box-blog-post has-hover\">\n            \t\t\t\t\t<div class=\"box-image\" >\n  \t\t\t\t\t\t<div class=\"image-zoom image-cover\" style=\"padding-top:56%;\">\n\t\t\t\t\t\t\t<a href=\"https:\/\/headspatammoctam.com\/vi\/cham-soc-co-vai-gay-30-phut\/\" class=\"plain\" aria-label=\"CH\u0102M S\u00d3C C\u1ed4 VAI G\u00c1Y (30 PH\u00daT)\">\n\t\t\t\t\t\t\t\t<img decoding=\"async\" src=\"https:\/\/pub-b2eddeeb92ae444d848d347a6b3a9fc5.r2.dev\/headspatammoctam\/file\/1756958805_68b910553f734.jpg\" alt=\"CH\u0102M S\u00d3C C\u1ed4 VAI G\u00c1Y (30 PH\u00daT)\" class=\"wp-post-image\" \/>\t\t\t\t\t\t\t<\/a>\n  \t\t\t\t\t\t\t  \t\t\t\t\t\t\t  \t\t\t\t\t\t<\/div>\n  \t\t\t\t\t\t  \t\t\t\t\t<\/div>\n          \t\t\t\t\t<div class=\"box-text text-center\" >\n\t\t\t\t\t<div class=\"box-text-inner blog-post-inner\">\n\n\t\t\t\t\t\n\t\t\t\t\t\t\t\t\t\t<h5 class=\"post-title is-large \">\n\t\t\t\t\t\t<a href=\"https:\/\/headspatammoctam.com\/vi\/cham-soc-co-vai-gay-30-phut\/\" class=\"plain\">CH\u0102M S\u00d3C C\u1ed4 VAI G\u00c1Y (30 PH\u00daT)<\/a>\n\t\t\t\t\t<\/h5>\n\t\t\t\t\t\t\n\n\t\t\t\t\t\t\t\t\t\t<div class=\"is-divider\"><\/div>\n\t\t\t\t\t\t\t\t\t\t<p class=\"from_the_blog_excerpt \">\n\t\t\t\t\t\tKh\u00f4ng ph\u1ea3i l\u00fac n\u00e0o c\u01a1 th\u1ec3 m\u1ec7t m\u1ecfi c\u0169ng c\u1ea7n \u0111\u1ebfn li\u1ec7u tr\u00ecnh d\u00e0i. \u0110\u00f4i khi, ch\u1ec9 m\u1ed9t v\u00f9ng \u0111au \u2013 nh\u01b0 c\u1ed5, vai, g\u00e1y \u2013 c\u0169ng \u0111\u1ee7 khi\u1ebfn c\u1ea3 ng\u00e0y tr\u1edf n\u00ean n\u1eb7ng n\u1ec1, kh\u00f3 t\u1eadp trung v\u00e0 d\u1ec5 c\u0103ng th\u1eb3ng. Li\u1ec7u tr\u00ecnh Ch\u0103m S\u00f3c C\u1ed5 Vai G\u00e1y 30 ph\u00fat ch\u00ednh l\u00e0 gi\u1ea3i ph\u00e1p d\u00e0nh cho b\u1ea1n.\t\t\t\t\t<\/p>\n\t\t<div class=\"wrap_service_detail\">\n\t\t\t\t\r\n<div>Gi\u00e1:\r\n<div class=\"acf-field-content\">500 T\u1ec7<\/div><\/div>\r\n<div>Th\u1eddi gian:\r\n<div class=\"acf-field-content\">30 ph\u00fat<\/div><\/div>\r\n\t\t<\/div>\n\t\t\t\t\t\t\n\t\t\t\t\t                    \n\t\t\t\t\t\t\t\t\t\t\t<a href=\"https:\/\/headspatammoctam.com\/vi\/cham-soc-co-vai-gay-30-phut\/\" class=\"button secondary is-bevel is-small mb-0\">\n\t\t\t\t\t\t\tXem ngay\t\t\t\t\t\t<\/a>\n\t\t\t\t\t\n\t\t\t\t\t\n\t\t\t\t\t<\/div>\n\t\t\t\t\t<\/div>\n\t\t\t\t\t\t\t\t\t<\/div>\n\t\t\t<\/div>\n\t\t<\/div><div class=\"col post-item\" >\n\t\t\t<div class=\"col-inner\">\n\t\t\t\t<div class=\"box box-normal box-text-bottom box-blog-post has-hover\">\n            \t\t\t\t\t<div class=\"box-image\" >\n  \t\t\t\t\t\t<div class=\"image-zoom image-cover\" style=\"padding-top:56%;\">\n\t\t\t\t\t\t\t<a href=\"https:\/\/headspatammoctam.com\/vi\/goi-dau-duong-sinh-ghe-massage-toan-than\/\" class=\"plain\" aria-label=\"G\u1ed8I \u0110\u1ea6U D\u01af\u1ee0NG SINH &#038; GH\u1ebe MASSAGE TO\u00c0N TH\u00c2N\">\n\t\t\t\t\t\t\t\t<img decoding=\"async\" src=\"https:\/\/pub-b2eddeeb92ae444d848d347a6b3a9fc5.r2.dev\/headspatammoctam\/file\/1756959073_68b911614dfb1.jpg\" alt=\"G\u1ed8I \u0110\u1ea6U D\u01af\u1ee0NG SINH &#038; GH\u1ebe MASSAGE TO\u00c0N TH\u00c2N\" class=\"wp-post-image\" \/>\t\t\t\t\t\t\t<\/a>\n  \t\t\t\t\t\t\t  \t\t\t\t\t\t\t  \t\t\t\t\t\t<\/div>\n  \t\t\t\t\t\t  \t\t\t\t\t<\/div>\n          \t\t\t\t\t<div class=\"box-text text-center\" >\n\t\t\t\t\t<div class=\"box-text-inner blog-post-inner\">\n\n\t\t\t\t\t\n\t\t\t\t\t\t\t\t\t\t<h5 class=\"post-title is-large \">\n\t\t\t\t\t\t<a href=\"https:\/\/headspatammoctam.com\/vi\/goi-dau-duong-sinh-ghe-massage-toan-than\/\" class=\"plain\">G\u1ed8I \u0110\u1ea6U D\u01af\u1ee0NG SINH &#038; GH\u1ebe MASSAGE TO\u00c0N TH\u00c2N<\/a>\n\t\t\t\t\t<\/h5>\n\t\t\t\t\t\t\n\n\t\t\t\t\t\t\t\t\t\t<div class=\"is-divider\"><\/div>\n\t\t\t\t\t\t\t\t\t\t<p class=\"from_the_blog_excerpt \">\n\t\t\t\t\t\tB\u1ea1n c\u00f3 bao gi\u1edd \u01b0\u1edbc r\u1eb1ng ch\u1ec9 trong m\u1ed9t kho\u1ea3ng th\u1eddi gian ng\u1eafn, v\u1eeba l\u00e0m s\u1ea1ch m\u00e1i t\u00f3c v\u1eeba \u0111\u01b0\u1ee3c th\u01b0 gi\u00e3n to\u00e0n th\u00e2n?V\u1edbi li\u1ec7u tr\u00ecnh G\u1ed9i \u0110\u1ea7u D\u01b0\u1ee1ng Sinh k\u1ebft h\u1ee3p Gh\u1ebf Massage To\u00e0n Th\u00e2n (60 ph\u00fat), \u0111i\u1ec1u \u0111\u00f3 tr\u1edf th\u00e0nh hi\u1ec7n th\u1ef1c: v\u1eeba ch\u0103m s\u00f3c t\u1eeb ch\u00e2n t\u00f3c \u0111\u1ebfn da \u0111\u1ea7u, v\u1eeba th\u1ea3 l\u1ecfng c\u01a1 th\u1ec3 trong tr\u1ea1ng th\u00e1i th\u01b0 gi\u00e3n s\u00e2u.\t\t\t\t\t<\/p>\n\t\t<div class=\"wrap_service_detail\">\n\t\t\t\t\r\n<div>Gi\u00e1:\r\n<div class=\"acf-field-content\">1000 T\u1ec7<\/div><\/div>\r\n<div>Th\u1eddi gian:\r\n<div class=\"acf-field-content\">60 ph\u00fat<\/div><\/div>\r\n\t\t<\/div>\n\t\t\t\t\t\t\n\t\t\t\t\t                    \n\t\t\t\t\t\t\t\t\t\t\t<a href=\"https:\/\/headspatammoctam.com\/vi\/goi-dau-duong-sinh-ghe-massage-toan-than\/\" class=\"button secondary is-bevel is-small mb-0\">\n\t\t\t\t\t\t\tXem ngay\t\t\t\t\t\t<\/a>\n\t\t\t\t\t\n\t\t\t\t\t\n\t\t\t\t\t<\/div>\n\t\t\t\t\t<\/div>\n\t\t\t\t\t\t\t\t\t<\/div>\n\t\t\t<\/div>\n\t\t<\/div><div class=\"col post-item\" >\n\t\t\t<div class=\"col-inner\">\n\t\t\t\t<div class=\"box box-normal box-text-bottom box-blog-post has-hover\">\n            \t\t\t\t\t<div class=\"box-image\" >\n  \t\t\t\t\t\t<div class=\"image-zoom image-cover\" style=\"padding-top:56%;\">\n\t\t\t\t\t\t\t<a href=\"https:\/\/headspatammoctam.com\/vi\/goi-dau-thuong-thang-voi-giuong-massage-tu-dong\/\" class=\"plain\" aria-label=\"G\u1ed9i \u0110\u1ea7u Th\u01b0\u1ee3ng Thang v\u1edbi gi\u01b0\u1eddng Massage T\u1ef1 \u0110\u1ed9ng\">\n\t\t\t\t\t\t\t\t<img decoding=\"async\" src=\"https:\/\/pub-b2eddeeb92ae444d848d347a6b3a9fc5.r2.dev\/headspatammoctam\/file\/1757315266_68be80c24eaee.jpg\" alt=\"G\u1ed9i \u0110\u1ea7u Th\u01b0\u1ee3ng Thang v\u1edbi gi\u01b0\u1eddng Massage T\u1ef1 \u0110\u1ed9ng\" class=\"wp-post-image\" \/>\t\t\t\t\t\t\t<\/a>\n  \t\t\t\t\t\t\t  \t\t\t\t\t\t\t  \t\t\t\t\t\t<\/div>\n  \t\t\t\t\t\t  \t\t\t\t\t<\/div>\n          \t\t\t\t\t<div class=\"box-text text-center\" >\n\t\t\t\t\t<div class=\"box-text-inner blog-post-inner\">\n\n\t\t\t\t\t\n\t\t\t\t\t\t\t\t\t\t<h5 class=\"post-title is-large \">\n\t\t\t\t\t\t<a href=\"https:\/\/headspatammoctam.com\/vi\/goi-dau-thuong-thang-voi-giuong-massage-tu-dong\/\" class=\"plain\">G\u1ed9i \u0110\u1ea7u Th\u01b0\u1ee3ng Thang v\u1edbi gi\u01b0\u1eddng Massage T\u1ef1 \u0110\u1ed9ng<\/a>\n\t\t\t\t\t<\/h5>\n\t\t\t\t\t\t\n\n\t\t\t\t\t\t\t\t\t\t<div class=\"is-divider\"><\/div>\n\t\t\t\t\t\t\t\t\t\t<p class=\"from_the_blog_excerpt \">\n\t\t\t\t\t\tNgh\u1ec7 thu\u1eadt ch\u0103m s\u00f3c t\u00f3c &amp; th\u01b0 gi\u00e3n c\u01a1 th\u1ec3 \u2013 S\u1ef1 h\u00f2a quy\u1ec7n gi\u1eefa \u0110\u00f4ng y &amp; c\u00f4ng ngh\u1ec7 hi\u1ec7n \u0111\u1ea1i Trong nh\u1ecbp s\u1ed1ng b\u1eadn r\u1ed9n, con ng\u01b0\u1eddi th\u01b0\u1eddng qu\u00ean m\u1ea5t m\u1ed9t \u0111i\u1ec1u quan tr\u1ecdng: th\u01b0 gi\u00e3n v\u00e0 ch\u0103m s\u00f3c b\u1ea3n th\u00e2n ch\u00ednh l\u00e0 li\u1ec7u ph\u00e1p h\u1ed3i ph\u1ee5c t\u1ef1 nhi\u00ean v\u00e0 l\u00e0nh t\u00ednh nh\u1ea5t. Li\u1ec7u tr\u00ecnh G\u1ed9i \u0111\u1ea7u Th\u01b0\u1ee3ng Thang k\u1ebft h\u1ee3p Massage to\u00e0n th\u00e2n t\u1ef1 \u0111\u1ed9ng (60 ph\u00fat)...\t\t\t\t\t<\/p>\n\t\t<div class=\"wrap_service_detail\">\n\t\t\t\t\r\n<div>Gi\u00e1:\r\n<div class=\"acf-field-content\">1500 T\u1ec7<\/div><\/div>\r\n<div>Th\u1eddi gian:\r\n<div class=\"acf-field-content\">60 ph\u00fat<\/div><\/div>\r\n\t\t<\/div>\n\t\t\t\t\t\t\n\t\t\t\t\t                    \n\t\t\t\t\t\t\t\t\t\t\t<a href=\"https:\/\/headspatammoctam.com\/vi\/goi-dau-thuong-thang-voi-giuong-massage-tu-dong\/\" class=\"button secondary is-bevel is-small mb-0\">\n\t\t\t\t\t\t\tXem ngay\t\t\t\t\t\t<\/a>\n\t\t\t\t\t\n\t\t\t\t\t\n\t\t\t\t\t<\/div>\n\t\t\t\t\t<\/div>\n\t\t\t\t\t\t\t\t\t<\/div>\n\t\t\t<\/div>\n\t\t<\/div><\/div> \t\t<\/div>\n\t\t\t\t\t<\/div>\n\n\t \n\t<div id=\"col-2040990345\" class=\"col medium-3 small-12 large-3\"  >\n\t\t\t\t<div class=\"col-inner\"  >\n\t\t\t\n\t\t\t <ul class=\"sidebar-wrapper ul-reset sdiebar_dichvu\"><div class=\"widget\"><h2 class=\"widget-title\">Danh m\u1ee5c d\u1ecbch v\u1ee5<\/h2><div class=\"menu-dich-vu-vi-container\"><ul id=\"menu-dich-vu-vi\" class=\"menu\"><li id=\"menu-item-4218\" class=\"menu-item menu-item-type-post_type menu-item-object-post menu-item-4218\"><a href=\"https:\/\/headspatammoctam.com\/vi\/cham-soc-co-vai-gay-30-phut\/\">CH\u0102M S\u00d3C C\u1ed4 VAI G\u00c1Y (30 PH\u00daT)<\/a><\/li>\n<li id=\"menu-item-4219\" class=\"menu-item menu-item-type-post_type menu-item-object-post menu-item-4219\"><a href=\"https:\/\/headspatammoctam.com\/vi\/dich-vu-thu-gian-vung-dau-ket-hop-massage-toan-than\/\">D\u1ecaCH V\u1ee4 TH\u01af GI\u00c3N V\u00d9NG \u0110\u1ea6U K\u1ebeT H\u1ee2P MASSAGE TO\u00c0N TH\u00c2N<\/a><\/li>\n<li id=\"menu-item-4220\" class=\"menu-item menu-item-type-post_type menu-item-object-post menu-item-4220\"><a href=\"https:\/\/headspatammoctam.com\/vi\/goi-dau-duong-sinh-ghe-massage-toan-than\/\">G\u1ed8I \u0110\u1ea6U D\u01af\u1ee0NG SINH &#038; GH\u1ebe MASSAGE TO\u00c0N TH\u00c2N<\/a><\/li>\n<li id=\"menu-item-4221\" class=\"menu-item menu-item-type-post_type menu-item-object-post menu-item-4221\"><a href=\"https:\/\/headspatammoctam.com\/vi\/goi-dau-thuong-thang-voi-giuong-massage-tu-dong\/\">G\u1ed9i \u0110\u1ea7u Th\u01b0\u1ee3ng Thang v\u1edbi gi\u01b0\u1eddng Massage T\u1ef1 \u0110\u1ed9ng<\/a><\/li>\n<li id=\"menu-item-4222\" class=\"menu-item menu-item-type-post_type menu-item-object-post menu-item-4222\"><a href=\"https:\/\/headspatammoctam.com\/vi\/lieu-trinh-phuc-hoi-toan-than\/\">LI\u1ec6U TR\u00ccNH PH\u1ee4C H\u1ed2I TO\u00c0N TH\u00c2N<\/a><\/li>\n<\/ul><\/div><\/div><\/ul> \t\t<\/div>\n\t\t\t\t\t<\/div>\n\n\t <\/div> \t\t<\/div>\n\n\t\t\n<style>\n#section_19629768 {\n  padding-top: 0px;\n  padding-bottom: 0px;\n}\n<\/style>\n\t<\/section>\n\t\n","protected":false},"excerpt":{"rendered":"","protected":false},"author":1,"featured_media":0,"parent":0,"menu_order":0,"comment_status":"closed","ping_status":"closed","template":"page-blank.php","meta":{"_acf_changed":false,"footnotes":""},"class_list":["post-4098","page","type-page","status-publish","hentry"],"acf":[],"yoast_head":"<!-- This site is optimized with the Yoast SEO plugin v25.8 - https:\/\/yoast.com\/wordpress\/plugins\/seo\/ -->\n<title>D\u1ecbch v\u1ee5<\/title>\n<meta name=\"robots\" content=\"index, follow, max-snippet:-1, max-image-preview:large, max-video-preview:-1\" \/>\n<link rel=\"canonical\" href=\"https:\/\/headspatammoctam.com\/vi\/dich-vu\/\" \/>\n<meta property=\"og:locale\" content=\"vi_VN\" \/>\n<meta property=\"og:type\" content=\"article\" \/>\n<meta property=\"og:title\" content=\"D\u1ecbch v\u1ee5\" \/>\n<meta property=\"og:url\" content=\"https:\/\/headspatammoctam.com\/vi\/dich-vu\/\" \/>\n<meta property=\"og:site_name\" content=\"Headspatammoctam\" \/>\n<meta property=\"article:modified_time\" content=\"2025-09-19T02:45:30+00:00\" \/>\n<meta name=\"twitter:card\" content=\"summary_large_image\" \/>\n<script type=\"application\/ld+json\" class=\"yoast-schema-graph\">{\"@context\":\"https:\/\/schema.org\",\"@graph\":[{\"@type\":\"WebPage\",\"@id\":\"https:\/\/headspatammoctam.com\/vi\/dich-vu\/\",\"url\":\"https:\/\/headspatammoctam.com\/vi\/dich-vu\/\",\"name\":\"D\u1ecbch v\u1ee5\",\"isPartOf\":{\"@id\":\"https:\/\/headspatammoctam.com\/vi\/#website\"},\"datePublished\":\"2024-10-24T03:15:47+00:00\",\"dateModified\":\"2025-09-19T02:45:30+00:00\",\"breadcrumb\":{\"@id\":\"https:\/\/headspatammoctam.com\/vi\/dich-vu\/#breadcrumb\"},\"inLanguage\":\"vi\",\"potentialAction\":[{\"@type\":\"ReadAction\",\"target\":[\"https:\/\/headspatammoctam.com\/vi\/dich-vu\/\"]}]},{\"@type\":\"BreadcrumbList\",\"@id\":\"https:\/\/headspatammoctam.com\/vi\/dich-vu\/#breadcrumb\",\"itemListElement\":[{\"@type\":\"ListItem\",\"position\":1,\"name\":\"Trang ch\u1ee7\",\"item\":\"https:\/\/headspatammoctam.com\/vi\/\"},{\"@type\":\"ListItem\",\"position\":2,\"name\":\"D\u1ecbch v\u1ee5\"}]},{\"@type\":\"WebSite\",\"@id\":\"https:\/\/headspatammoctam.com\/vi\/#website\",\"url\":\"https:\/\/headspatammoctam.com\/vi\/\",\"name\":\"Headspatammoctam\",\"description\":\"\",\"publisher\":{\"@id\":\"https:\/\/headspatammoctam.com\/vi\/#organization\"},\"potentialAction\":[{\"@type\":\"SearchAction\",\"target\":{\"@type\":\"EntryPoint\",\"urlTemplate\":\"https:\/\/headspatammoctam.com\/vi\/?s={search_term_string}\"},\"query-input\":{\"@type\":\"PropertyValueSpecification\",\"valueRequired\":true,\"valueName\":\"search_term_string\"}}],\"inLanguage\":\"vi\"},{\"@type\":\"Organization\",\"@id\":\"https:\/\/headspatammoctam.com\/vi\/#organization\",\"name\":\"Headspatammoctam\",\"url\":\"https:\/\/headspatammoctam.com\/vi\/\",\"logo\":{\"@type\":\"ImageObject\",\"inLanguage\":\"vi\",\"@id\":\"https:\/\/headspatammoctam.com\/vi\/#\/schema\/logo\/image\/\",\"url\":\"\",\"contentUrl\":\"\",\"width\":512,\"height\":512,\"caption\":\"Headspatammoctam\"},\"image\":{\"@id\":\"https:\/\/headspatammoctam.com\/vi\/#\/schema\/logo\/image\/\"}}]}<\/script>\n<!-- \/ Yoast SEO plugin. -->","yoast_head_json":{"title":"D\u1ecbch v\u1ee5","robots":{"index":"index","follow":"follow","max-snippet":"max-snippet:-1","max-image-preview":"max-image-preview:large","max-video-preview":"max-video-preview:-1"},"canonical":"https:\/\/headspatammoctam.com\/vi\/dich-vu\/","og_locale":"vi_VN","og_type":"article","og_title":"D\u1ecbch v\u1ee5","og_url":"https:\/\/headspatammoctam.com\/vi\/dich-vu\/","og_site_name":"Headspatammoctam","article_modified_time":"2025-09-19T02:45:30+00:00","twitter_card":"summary_large_image","schema":{"@context":"https:\/\/schema.org","@graph":[{"@type":"WebPage","@id":"https:\/\/headspatammoctam.com\/vi\/dich-vu\/","url":"https:\/\/headspatammoctam.com\/vi\/dich-vu\/","name":"D\u1ecbch v\u1ee5","isPartOf":{"@id":"https:\/\/headspatammoctam.com\/vi\/#website"},"datePublished":"2024-10-24T03:15:47+00:00","dateModified":"2025-09-19T02:45:30+00:00","breadcrumb":{"@id":"https:\/\/headspatammoctam.com\/vi\/dich-vu\/#breadcrumb"},"inLanguage":"vi","potentialAction":[{"@type":"ReadAction","target":["https:\/\/headspatammoctam.com\/vi\/dich-vu\/"]}]},{"@type":"BreadcrumbList","@id":"https:\/\/headspatammoctam.com\/vi\/dich-vu\/#breadcrumb","itemListElement":[{"@type":"ListItem","position":1,"name":"Trang ch\u1ee7","item":"https:\/\/headspatammoctam.com\/vi\/"},{"@type":"ListItem","position":2,"name":"D\u1ecbch v\u1ee5"}]},{"@type":"WebSite","@id":"https:\/\/headspatammoctam.com\/vi\/#website","url":"https:\/\/headspatammoctam.com\/vi\/","name":"Headspatammoctam","description":"","publisher":{"@id":"https:\/\/headspatammoctam.com\/vi\/#organization"},"potentialAction":[{"@type":"SearchAction","target":{"@type":"EntryPoint","urlTemplate":"https:\/\/headspatammoctam.com\/vi\/?s={search_term_string}"},"query-input":{"@type":"PropertyValueSpecification","valueRequired":true,"valueName":"search_term_string"}}],"inLanguage":"vi"},{"@type":"Organization","@id":"https:\/\/headspatammoctam.com\/vi\/#organization","name":"Headspatammoctam","url":"https:\/\/headspatammoctam.com\/vi\/","logo":{"@type":"ImageObject","inLanguage":"vi","@id":"https:\/\/headspatammoctam.com\/vi\/#\/schema\/logo\/image\/","url":"","contentUrl":"","width":512,"height":512,"caption":"Headspatammoctam"},"image":{"@id":"https:\/\/headspatammoctam.com\/vi\/#\/schema\/logo\/image\/"}}]}},"_links":{"self":[{"href":"https:\/\/headspatammoctam.com\/vi\/wp-json\/wp\/v2\/pages\/4098","targetHints":{"allow":["GET"]}}],"collection":[{"href":"https:\/\/headspatammoctam.com\/vi\/wp-json\/wp\/v2\/pages"}],"about":[{"href":"https:\/\/headspatammoctam.com\/vi\/wp-json\/wp\/v2\/types\/page"}],"author":[{"embeddable":true,"href":"https:\/\/headspatammoctam.com\/vi\/wp-json\/wp\/v2\/users\/1"}],"replies":[{"embeddable":true,"href":"https:\/\/headspatammoctam.com\/vi\/wp-json\/wp\/v2\/comments?post=4098"}],"version-history":[{"count":2,"href":"https:\/\/headspatammoctam.com\/vi\/wp-json\/wp\/v2\/pages\/4098\/revisions"}],"predecessor-version":[{"id":4100,"href":"https:\/\/headspatammoctam.com\/vi\/wp-json\/wp\/v2\/pages\/4098\/revisions\/4100"}],"wp:attachment":[{"href":"https:\/\/headspatammoctam.com\/vi\/wp-json\/wp\/v2\/media?parent=4098"}],"curies":[{"name":"wp","href":"https:\/\/api.w.org\/{rel}","templated":true}]}}