
{"id":2986,"date":"2024-10-23T15:20:44","date_gmt":"2024-10-23T15:20:44","guid":{"rendered":"https:\/\/headspatammoctam.trueads.ai\/lien-he\/"},"modified":"2025-09-24T03:37:40","modified_gmt":"2025-09-24T03:37:40","slug":"lien-he","status":"publish","type":"page","link":"https:\/\/headspatammoctam.com\/vi\/lien-he\/","title":{"rendered":"Li\u00ean h\u1ec7"},"content":{"rendered":"\n\t<section class=\"section section_banner\" id=\"section_671692673\">\n\t\t<div class=\"bg section-bg fill bg-fill  bg-loaded\" >\n\n\t\t\t\n\t\t\t\n\t\t\t\n\n\t\t<\/div>\n\n\t\t\n\n\t\t<div class=\"section-content relative\">\n\t\t\t\n\n\n  <div class=\"banner has-hover banner_ux\" id=\"banner-196455272\">\n          <div class=\"banner-inner fill\">\n        <div class=\"banner-bg fill\" >\n            <div class=\"bg fill bg-fill \"><\/div>\n                                    \n                    <\/div>\n\t\t\n        <div class=\"banner-layers container\">\n            <div class=\"fill banner-link\"><\/div>            \n\n   <div id=\"text-box-1188747890\" class=\"text-box banner-layer x50 md-x50 lg-x50 y50 md-y50 lg-y50 res-text\">\n                                <div class=\"text-box-content text dark\">\n              \n              <div class=\"text-inner text-center\">\n                  \n\n\t\t<div class=\"banner_html\">\n\t\t\t\t\n\n<h1 class=\"current-page\">Trang ch\u1ee7<\/h1><div class=\"breadcrumb-full\"><div class=\"yoast-breadcrumbs\"><span><span><a href=\"https:\/\/headspatammoctam.com\/vi\/\">Trang ch\u1ee7<\/a><\/span><\/span><\/div><\/div>\n\t\t<\/div>\n\t\n\n              <\/div>\n           <\/div>\n                            \n<style>\n#text-box-1188747890 {\n  width: 60%;\n}\n#text-box-1188747890 .text-box-content {\n  font-size: 100%;\n}\n<\/style>\n    <\/div>\n \n\n        <\/div>\n      <\/div>\n\n            \n<style>\n#banner-196455272 {\n  padding-top: 500px;\n}\n#banner-196455272 .bg.bg-loaded {\n  background-image: url(https:\/\/headspatammoctam.com\/wp-content\/uploads\/2024\/10\/breadcrumb.jpg);\n}\n<\/style>\n  <\/div>\n\n\n\n\t\t<\/div>\n\n\t\t\n<style>\n#section_671692673 {\n  padding-top: 0px;\n  padding-bottom: 0px;\n}\n<\/style>\n\t<\/section>\n\t\n\n\t<section class=\"section section_lienhe\" id=\"section_1478253509\">\n\t\t<div class=\"bg section-bg fill bg-fill  bg-loaded\" >\n\n\t\t\t\n\t\t\t\n\t\t\t\n\n\t\t<\/div>\n\n\t\t\n\n\t\t<div class=\"section-content relative\">\n\t\t\t\n<div class=\"row\"  id=\"row-1110725516\">\n\n\t<div id=\"col-132527338\" class=\"col col_dolaspa medium-12 small-12 large-6\"  >\n\t\t\t\t<div class=\"col-inner\"  >\n\t\t\t\n\t\t\t\n\t<div id=\"text-480604246\" class=\"text lienhe_text_dolaspa\">\n\t\t\n<h4>Head Spa T\u00e2m M\u1ed9c T\u00e2m<\/h4>\n<p>Head Spa T\u00e2m M\u1ed9c T\u00e2m l\u00e0 kh\u00f4ng gian ch\u0103m s\u00f3c v\u00e0 ch\u1eefa l\u00e0nh, n\u01a1i b\u1ea1n t\u00ecm l\u1ea1i s\u1ef1 c\u00e2n b\u1eb1ng gi\u1eefa c\u01a1 th\u1ec3 \u2013 t\u00e2m tr\u00ed \u2013 v\u00e0 tinh th\u1ea7n. Ch\u00fang t\u00f4i mang \u0111\u1ebfn tr\u1ea3i nghi\u1ec7m th\u01b0 gi\u00e3n s\u00e2u, k\u1ebft h\u1ee3p h\u00e0i h\u00f2a gi\u1eefa li\u1ec7u ph\u00e1p g\u1ed9i d\u01b0\u1ee1ng sinh, massage v\u00e0 ch\u0103m s\u00f3c s\u1ee9c kh\u1ecfe b\u1eb1ng tinh d\u1ea7u thi\u00ean nhi\u00ean . \u0110\u00e2y kh\u00f4ng ch\u1ec9 l\u00e0 m\u1ed9t spa \u0111\u01a1n thu\u1ea7n, m\u00e0 c\u00f2n l\u00e0 \u0111i\u1ec3m h\u1eb9n cho nh\u1eefng ai mu\u1ed1n t\u00e1i t\u1ea1o n\u0103ng l\u01b0\u1ee3ng, c\u1ea3i thi\u1ec7n s\u1ee9c kh\u1ecfe v\u00e0 t\u00ecm th\u1ea5y s\u1ef1 an y\u00ean trong cu\u1ed9c s\u1ed1ng.<\/p>\n\t\t\t<\/div>\n\t\n<div class=\"row\"  id=\"row-2090479147\">\n\n\t<div id=\"col-839196084\" class=\"col lienhe_col_item medium-6 small-12 large-6\"  >\n\t\t\t\t<div class=\"col-inner\"  >\n\t\t\t\n\t\t\t\n\t\t<div class=\"html_icon\">\n\t\t\t\t\n<p><i class=\"fas fa-map-marker-alt\"><\/i><br \/>\n\t\t<\/div>\n\t\n\t<div id=\"text-1348223236\" class=\"text lienhe_col_item_text\">\n\t\t\n<p><strong>\u0110\u1ecba ch\u1ec9<\/strong><b>:<\/b><\/p>\n<p>1st Floor, No. 56, Xinxing Road (\u65b0\u8208\u8def56\u865f1\u6a13), Zhongli District (\u4e2d\u58e2\u5340), Taoyuan City (\u6843\u5712\u5e02) 320, Taiwan (\u53f0\u7063)<\/p>\n\t\t\t<\/div>\n\t\n\t\t<\/div>\n\t\t\t\t\t<\/div>\n\n\t\n\n\t<div id=\"col-1557297020\" class=\"col lienhe_col_item medium-6 small-12 large-6\"  >\n\t\t\t\t<div class=\"col-inner\"  >\n\t\t\t\n\t\t\t\n\t\t<div class=\"html_icon\">\n\t\t\t\t\n<p><i class=\"fas fa-clock\"><\/i><br \/>\n\t\t<\/div>\n\t\n\t<div id=\"text-1192936781\" class=\"text lienhe_col_item_text\">\n\t\t\n<p><strong>Th\u1eddi gian l\u00e0m vi\u1ec7c<\/strong> 10h &#8211; 20h00 T\u1eeb th\u1ee9 2 \u0111\u1ebfn ch\u1ee7 nh\u1eadt<\/p>\n\t\t\t<\/div>\n\t\n\t\t<\/div>\n\t\t\t\t\t<\/div>\n\n\t\n\n\t<div id=\"col-963022659\" class=\"col lienhe_col_item medium-6 small-12 large-6\"  >\n\t\t\t\t<div class=\"col-inner\"  >\n\t\t\t\n\t\t\t\n\t\t<div class=\"html_icon\">\n\t\t\t\t\n<p><i class=\"fas fa-phone-alt\"><\/i><br \/>\n\t\t<\/div>\n\t\n\t<div id=\"text-472072904\" class=\"text lienhe_col_item_text\">\n\t\t\n<p><strong>\u0110i\u1ec7n tho\u1ea1i<\/strong><\/p>\n<p>0913 041 139<\/p>\n\t\t\t<\/div>\n\t\n\t\t<\/div>\n\t\t\t\t\t<\/div>\n\n\t\n\n\t<div id=\"col-1860841339\" class=\"col lienhe_col_item medium-6 small-12 large-6\"  >\n\t\t\t\t<div class=\"col-inner\"  >\n\t\t\t\n\t\t\t\n\t\t<div class=\"html_icon\">\n\t\t\t\t\n<p><i class=\"fas fa-envelope\"><\/i><br \/>\n\t\t<\/div>\n\t\n\t<div id=\"text-3047225173\" class=\"text lienhe_col_item_text\">\n\t\t\n<p>Email<\/p>\n<p>\u0110ang c\u1eadp nh\u1eadt<\/p>\n\t\t\t<\/div>\n\t\n\t\t<\/div>\n\t\t\t\t\t<\/div>\n\n\t\n<\/div>\n\t\t<\/div>\n\t\t\t\t\t<\/div>\n\n\t\n\n\t<div id=\"col-756242107\" class=\"col col_form medium-12 small-12 large-6\"  >\n\t\t\t\t<div class=\"col-inner\"  >\n\t\t\t\n\t\t\t\n\t<div id=\"text-3750956230\" class=\"text lienhe_text_dolaspa\">\n\t\t\n<h4>Li\u00ean h\u1ec7 v\u1edbi ch\u00fang t\u00f4i<\/h4>\n<p>N\u1ebfu b\u1ea1n c\u00f3 th\u1eafc m\u1eafc g\u00ec, c\u00f3 th\u1ec3 g\u1eedi y\u00eau c\u1ea7u cho ch\u00fang t\u00f4i, v\u00e0 ch\u00fang t\u00f4i s\u1ebd li\u00ean l\u1ea1c l\u1ea1i v\u1edbi b\u1ea1n s\u1edbm nh\u1ea5t c\u00f3 th\u1ec3 .<br \/>\n\t\t\t<\/div>\n\t\n\n<div class=\"wpcf7\">\n        <form class=\"wpcf7-form contact-form-shortcode\">\n            <h3>Li\u00ean h\u1ec7<\/h3>\n            <div class=\"form-fields\"><div class=\"form-group\"><label for='name'>T\u00ean kh\u00e1ch h\u00e0ng<\/label><span class=\"wpcf7-form-control-wrap\"><input type='text' id='name' name='name' class='wpcf7-form-control wpcf7-text' required><\/span><\/div><div class=\"form-group\"><label for='email'>Email<\/label><span class=\"wpcf7-form-control-wrap\"><input type='text' id='email' name='email' class='wpcf7-form-control wpcf7-text' required><\/span><\/div><div class=\"form-group\"><label for='phone_number'>S\u1ed1 \u0111i\u1ec7n tho\u1ea1i<\/label><span class=\"wpcf7-form-control-wrap\"><input type='text' id='phone_number' name='phone_number' class='wpcf7-form-control wpcf7-text' required><\/span><\/div><div class=\"form-group\"><label for=''>\u9078\u64c7\u670d\u52d9<\/label><span class=\"wpcf7-form-control-wrap\"><select id='' name='' class='wpcf7-form-control wpcf7-select'><option value=''>\u982d\u90e8\u653e\u9b06\u8207\u5168\u8eab\u6309\u6469\u7d50\u5408\u7684\u670d\u52d9<\/option><option value=''>\u5168\u8eab\u6062\u5fa9\u6cbb\u7642<\/option><option value='30'>\u9838\u80a9\u8b77\u7406\uff0830\u5206\u9418)<\/option><option value=''>\u5065\u5eb7\u6d17\u9aee\u7cbe\u548c\u5168\u8eab\u6309\u6469\u6905<\/option><option value=''>\u4e0a\u5c64\u968e\u68af\u5f0f\u6d17\u9aee\u7cbe\u53ca\u81ea\u52d5\u6309\u6469\u5e8a<\/option><\/select><\/span><\/div><\/div>\n            <button type=\"submit\" id=\"submit-btn\" class=\"wpcf7-form-control wpcf7-submit\">G\u1eedi Th\u00f4ng Tin <span class=\"loading-spinner\" style=\"display: none;\"><\/span><\/button>\n        <\/form>\n    <\/div>\n\n\t\t<\/div>\n\t\t\t\t\t<\/div>\n\n\t\n\n\t<div id=\"col-1618147942\" class=\"col col_map small-12 large-12\"  >\n\t\t\t\t<div class=\"col-inner\"  >\n\t\t\t\n\t\t\t\n\t\t<div class=\"col_map_html\">\n\t\t\t\t\n<p><iframe src=\"https:\/\/www.google.com\/maps\/embed?pb=!1m18!1m12!1m3!1d3617.4137930281095!2d121.2213726759544!3d24.952032441586326!2m3!1f0!2f0!3f0!3m2!1i1024!2i768!4f13.1!3m3!1m2!1s0x346822494a8e143f%3A0x9a1d712d53a6321b!2sNo.%2056%E8%99%9F%2C%20Xinxing%20Rd%2C%20Zhongli%20District%2C%20Taoyuan%20City%2C%20%C4%90%C3%A0i%20Loan%20320!5e0!3m2!1svi!2s!4v1757047811475!5m2!1svi!2s\" width=\"600\" height=\"450\" style=\"border:0;\" allowfullscreen=\"\" loading=\"lazy\" referrerpolicy=\"no-referrer-when-downgrade\"><\/iframe><br \/>\n\t\t<\/div>\n\t\n\t\t<\/div>\n\t\t\t\t\t<\/div>\n\n\t\n<\/div>\n\t\t<\/div>\n\n\t\t\n<style>\n#section_1478253509 {\n  padding-top: 0px;\n  padding-bottom: 0px;\n}\n<\/style>\n\t<\/section>\n\t\n","protected":false},"excerpt":{"rendered":"","protected":false},"author":1,"featured_media":0,"parent":0,"menu_order":0,"comment_status":"closed","ping_status":"closed","template":"page-blank.php","meta":{"_acf_changed":false,"footnotes":""},"class_list":["post-2986","page","type-page","status-publish","hentry"],"acf":[],"yoast_head":"<!-- This site is optimized with the Yoast SEO plugin v25.8 - https:\/\/yoast.com\/wordpress\/plugins\/seo\/ -->\n<title>Li\u00ean h\u1ec7 - Headspatammoctam<\/title>\n<meta name=\"robots\" content=\"index, follow, max-snippet:-1, max-image-preview:large, max-video-preview:-1\" \/>\n<link rel=\"canonical\" href=\"https:\/\/headspatammoctam.com\/vi\/lien-he\/\" \/>\n<meta property=\"og:locale\" content=\"vi_VN\" \/>\n<meta property=\"og:type\" content=\"article\" \/>\n<meta property=\"og:title\" content=\"Li\u00ean h\u1ec7 - Headspatammoctam\" \/>\n<meta property=\"og:url\" content=\"https:\/\/headspatammoctam.com\/vi\/lien-he\/\" \/>\n<meta property=\"og:site_name\" content=\"Headspatammoctam\" \/>\n<meta property=\"article:modified_time\" content=\"2025-09-24T03:37:40+00:00\" \/>\n<meta name=\"twitter:card\" content=\"summary_large_image\" \/>\n<meta name=\"twitter:label1\" content=\"\u01af\u1edbc t\u00ednh th\u1eddi gian \u0111\u1ecdc\" \/>\n\t<meta name=\"twitter:data1\" content=\"2 ph\u00fat\" \/>\n<script type=\"application\/ld+json\" class=\"yoast-schema-graph\">{\"@context\":\"https:\/\/schema.org\",\"@graph\":[{\"@type\":\"WebPage\",\"@id\":\"https:\/\/headspatammoctam.com\/vi\/lien-he\/\",\"url\":\"https:\/\/headspatammoctam.com\/vi\/lien-he\/\",\"name\":\"Li\u00ean h\u1ec7 - Headspatammoctam\",\"isPartOf\":{\"@id\":\"https:\/\/headspatammoctam.com\/vi\/#website\"},\"datePublished\":\"2024-10-23T15:20:44+00:00\",\"dateModified\":\"2025-09-24T03:37:40+00:00\",\"breadcrumb\":{\"@id\":\"https:\/\/headspatammoctam.com\/vi\/lien-he\/#breadcrumb\"},\"inLanguage\":\"vi\",\"potentialAction\":[{\"@type\":\"ReadAction\",\"target\":[\"https:\/\/headspatammoctam.com\/vi\/lien-he\/\"]}]},{\"@type\":\"BreadcrumbList\",\"@id\":\"https:\/\/headspatammoctam.com\/vi\/lien-he\/#breadcrumb\",\"itemListElement\":[{\"@type\":\"ListItem\",\"position\":1,\"name\":\"Trang ch\u1ee7\",\"item\":\"https:\/\/headspatammoctam.com\/vi\/\"},{\"@type\":\"ListItem\",\"position\":2,\"name\":\"Li\u00ean h\u1ec7\"}]},{\"@type\":\"WebSite\",\"@id\":\"https:\/\/headspatammoctam.com\/vi\/#website\",\"url\":\"https:\/\/headspatammoctam.com\/vi\/\",\"name\":\"Headspatammoctam\",\"description\":\"\",\"publisher\":{\"@id\":\"https:\/\/headspatammoctam.com\/vi\/#organization\"},\"potentialAction\":[{\"@type\":\"SearchAction\",\"target\":{\"@type\":\"EntryPoint\",\"urlTemplate\":\"https:\/\/headspatammoctam.com\/vi\/?s={search_term_string}\"},\"query-input\":{\"@type\":\"PropertyValueSpecification\",\"valueRequired\":true,\"valueName\":\"search_term_string\"}}],\"inLanguage\":\"vi\"},{\"@type\":\"Organization\",\"@id\":\"https:\/\/headspatammoctam.com\/vi\/#organization\",\"name\":\"Headspatammoctam\",\"url\":\"https:\/\/headspatammoctam.com\/vi\/\",\"logo\":{\"@type\":\"ImageObject\",\"inLanguage\":\"vi\",\"@id\":\"https:\/\/headspatammoctam.com\/vi\/#\/schema\/logo\/image\/\",\"url\":\"\",\"contentUrl\":\"\",\"width\":512,\"height\":512,\"caption\":\"Headspatammoctam\"},\"image\":{\"@id\":\"https:\/\/headspatammoctam.com\/vi\/#\/schema\/logo\/image\/\"}}]}<\/script>\n<!-- \/ Yoast SEO plugin. -->","yoast_head_json":{"title":"Li\u00ean h\u1ec7 - Headspatammoctam","robots":{"index":"index","follow":"follow","max-snippet":"max-snippet:-1","max-image-preview":"max-image-preview:large","max-video-preview":"max-video-preview:-1"},"canonical":"https:\/\/headspatammoctam.com\/vi\/lien-he\/","og_locale":"vi_VN","og_type":"article","og_title":"Li\u00ean h\u1ec7 - Headspatammoctam","og_url":"https:\/\/headspatammoctam.com\/vi\/lien-he\/","og_site_name":"Headspatammoctam","article_modified_time":"2025-09-24T03:37:40+00:00","twitter_card":"summary_large_image","twitter_misc":{"\u01af\u1edbc t\u00ednh th\u1eddi gian \u0111\u1ecdc":"2 ph\u00fat"},"schema":{"@context":"https:\/\/schema.org","@graph":[{"@type":"WebPage","@id":"https:\/\/headspatammoctam.com\/vi\/lien-he\/","url":"https:\/\/headspatammoctam.com\/vi\/lien-he\/","name":"Li\u00ean h\u1ec7 - Headspatammoctam","isPartOf":{"@id":"https:\/\/headspatammoctam.com\/vi\/#website"},"datePublished":"2024-10-23T15:20:44+00:00","dateModified":"2025-09-24T03:37:40+00:00","breadcrumb":{"@id":"https:\/\/headspatammoctam.com\/vi\/lien-he\/#breadcrumb"},"inLanguage":"vi","potentialAction":[{"@type":"ReadAction","target":["https:\/\/headspatammoctam.com\/vi\/lien-he\/"]}]},{"@type":"BreadcrumbList","@id":"https:\/\/headspatammoctam.com\/vi\/lien-he\/#breadcrumb","itemListElement":[{"@type":"ListItem","position":1,"name":"Trang ch\u1ee7","item":"https:\/\/headspatammoctam.com\/vi\/"},{"@type":"ListItem","position":2,"name":"Li\u00ean h\u1ec7"}]},{"@type":"WebSite","@id":"https:\/\/headspatammoctam.com\/vi\/#website","url":"https:\/\/headspatammoctam.com\/vi\/","name":"Headspatammoctam","description":"","publisher":{"@id":"https:\/\/headspatammoctam.com\/vi\/#organization"},"potentialAction":[{"@type":"SearchAction","target":{"@type":"EntryPoint","urlTemplate":"https:\/\/headspatammoctam.com\/vi\/?s={search_term_string}"},"query-input":{"@type":"PropertyValueSpecification","valueRequired":true,"valueName":"search_term_string"}}],"inLanguage":"vi"},{"@type":"Organization","@id":"https:\/\/headspatammoctam.com\/vi\/#organization","name":"Headspatammoctam","url":"https:\/\/headspatammoctam.com\/vi\/","logo":{"@type":"ImageObject","inLanguage":"vi","@id":"https:\/\/headspatammoctam.com\/vi\/#\/schema\/logo\/image\/","url":"","contentUrl":"","width":512,"height":512,"caption":"Headspatammoctam"},"image":{"@id":"https:\/\/headspatammoctam.com\/vi\/#\/schema\/logo\/image\/"}}]}},"_links":{"self":[{"href":"https:\/\/headspatammoctam.com\/vi\/wp-json\/wp\/v2\/pages\/2986","targetHints":{"allow":["GET"]}}],"collection":[{"href":"https:\/\/headspatammoctam.com\/vi\/wp-json\/wp\/v2\/pages"}],"about":[{"href":"https:\/\/headspatammoctam.com\/vi\/wp-json\/wp\/v2\/types\/page"}],"author":[{"embeddable":true,"href":"https:\/\/headspatammoctam.com\/vi\/wp-json\/wp\/v2\/users\/1"}],"replies":[{"embeddable":true,"href":"https:\/\/headspatammoctam.com\/vi\/wp-json\/wp\/v2\/comments?post=2986"}],"version-history":[{"count":6,"href":"https:\/\/headspatammoctam.com\/vi\/wp-json\/wp\/v2\/pages\/2986\/revisions"}],"predecessor-version":[{"id":4289,"href":"https:\/\/headspatammoctam.com\/vi\/wp-json\/wp\/v2\/pages\/2986\/revisions\/4289"}],"wp:attachment":[{"href":"https:\/\/headspatammoctam.com\/vi\/wp-json\/wp\/v2\/media?parent=2986"}],"curies":[{"name":"wp","href":"https:\/\/api.w.org\/{rel}","templated":true}]}}